{"id":2653,"date":"2024-11-11T21:25:18","date_gmt":"2024-11-12T00:25:18","guid":{"rendered":"https:\/\/starkcloud.com\/politica-de-privacidade\/"},"modified":"2025-05-16T15:05:34","modified_gmt":"2025-05-16T19:05:34","slug":"politica-de-privacidade","status":"publish","type":"page","link":"https:\/\/starkcloud.com\/pt-br\/politica-de-privacidade\/","title":{"rendered":"Pol\u00edtica de privacidade"},"content":{"rendered":"\t\t<div data-elementor-type=\"wp-page\" data-elementor-id=\"2653\" class=\"elementor elementor-2653 elementor-3\" data-elementor-post-type=\"page\">\n\t\t\t\t<div class=\"elementor-element elementor-element-4f373a6 e-flex e-con-boxed e-con e-parent\" data-id=\"4f373a6\" data-element_type=\"container\">\n\t\t\t\t\t<div class=\"e-con-inner\">\n\t\t<div class=\"elementor-element elementor-element-5eabca4 e-con-full e-flex e-con e-child\" data-id=\"5eabca4\" data-element_type=\"container\">\n\t\t\t\t<div class=\"elementor-element elementor-element-fe02857 elementor-widget elementor-widget-heading\" data-id=\"fe02857\" data-element_type=\"widget\" data-widget_type=\"heading.default\">\n\t\t\t\t\t<h4 class=\"elementor-heading-title elementor-size-default\">Pol\u00edtica sobre<\/h4>\t\t\t\t<\/div>\n\t\t\t\t<div class=\"elementor-element elementor-element-6f3468d elementor-widget elementor-widget-heading\" data-id=\"6f3468d\" data-element_type=\"widget\" data-widget_type=\"heading.default\">\n\t\t\t\t\t<h1 class=\"elementor-heading-title elementor-size-default\">Privacidade<\/h1>\t\t\t\t<\/div>\n\t\t\t\t<div class=\"elementor-element elementor-element-e04de39 elementor-widget__width-initial elementor-widget-mobile__width-inherit elementor-widget elementor-widget-text-editor\" data-id=\"e04de39\" data-element_type=\"widget\" data-widget_type=\"text-editor.default\">\n\t\t\t\t\t\t\t\t\tLeia estes Termos e Condi\u00e7\u00f5es cuidadosamente antes de usar os servi\u00e7os do StarkCloud.\nAo acessar e usar nossos servi\u00e7os, voc\u00ea concorda em obedecer a estes termos. \t\t\t\t\t\t\t\t<\/div>\n\t\t\t\t<div class=\"elementor-element elementor-element-670ecba elementor-widget elementor-widget-heading\" data-id=\"670ecba\" data-element_type=\"widget\" data-widget_type=\"heading.default\">\n\t\t\t\t\t<h6 class=\"elementor-heading-title elementor-size-default\">Data da \u00faltima atualiza\u00e7\u00e3o: 28 de novembro de 2024<\/h6>\t\t\t\t<\/div>\n\t\t\t\t<\/div>\n\t\t\t\t\t<\/div>\n\t\t\t\t<\/div>\n\t\t<div class=\"elementor-element elementor-element-f5e772e e-flex e-con-boxed e-con e-parent\" data-id=\"f5e772e\" data-element_type=\"container\">\n\t\t\t\t\t<div class=\"e-con-inner\">\n\t\t\t\t<div class=\"elementor-element elementor-element-f17509a elementor-widget elementor-widget-text-editor\" data-id=\"f17509a\" data-element_type=\"widget\" data-widget_type=\"text-editor.default\">\n\t\t\t\t\t\t\t\t\t<p><strong>1. informa\u00e7\u00f5es que coletamos<\/strong><\/p><p>Coletamos os seguintes tipos de informa\u00e7\u00f5es:<\/p><ul><li><strong>Informa\u00e7\u00f5es pessoais:<\/strong> nome, endere\u00e7o de e-mail, n\u00famero de telefone e outras informa\u00e7\u00f5es de contato fornecidas voluntariamente.<\/li><li><strong>Dados de uso:<\/strong> informa\u00e7\u00f5es sobre como voc\u00ea interage com nossos servi\u00e7os, incluindo endere\u00e7os IP, tipo de navegador, p\u00e1ginas visitadas e tempo gasto.<\/li><li><strong>Cookies e tecnologias semelhantes:<\/strong> usamos cookies para melhorar sua experi\u00eancia e analisar o uso de nossos servi\u00e7os.<\/li><\/ul><p> <\/p><p><strong>2. Uso de informa\u00e7\u00f5es<\/strong><\/p><p>Usamos as informa\u00e7\u00f5es coletadas para:<\/p><ul><li><strong>Fornecer e aprimorar servi\u00e7os:<\/strong> para personalizar e aprimorar nossos servi\u00e7os de acordo com suas necessidades.<\/li><li><strong>Comunica\u00e7\u00e3o:<\/strong> Enviar atualiza\u00e7\u00f5es, boletins informativos e outras informa\u00e7\u00f5es relevantes.<\/li><li><strong>Seguran\u00e7a:<\/strong> para proteger contra fraudes e garantir a seguran\u00e7a de nossos servi\u00e7os.<\/li><\/ul><p> <\/p><p><strong>3. Compartilhamento de informa\u00e7\u00f5es<\/strong><\/p><p>N\u00e3o compartilhamos suas informa\u00e7\u00f5es pessoais com terceiros, exceto nas seguintes circunst\u00e2ncias:<\/p><ul><li><strong>Com o seu consentimento:<\/strong> quando voc\u00ea o autoriza explicitamente.<\/li><li><strong>Provedores de servi\u00e7os:<\/strong> compartilhamos informa\u00e7\u00f5es com terceiros que nos ajudam a operar e melhorar nossos servi\u00e7os, sob acordos de confidencialidade.<\/li><li><strong>Requisitos legais:<\/strong> quando exigido por lei ou para proteger nossos direitos legais.<\/li><\/ul><p> <\/p><p><strong>4. Seguran\u00e7a da informa\u00e7\u00e3o<\/strong><\/p><p>Implementamos medidas de seguran\u00e7a para proteger suas informa\u00e7\u00f5es contra acesso, altera\u00e7\u00e3o ou destrui\u00e7\u00e3o n\u00e3o autorizados.\nNo entanto, nenhuma transmiss\u00e3o de dados pela Internet \u00e9 totalmente segura. <\/p><p> <\/p><p><strong>5. Seus direitos<\/strong><\/p><p>Voc\u00ea tem o direito de:<\/p><ul><li><strong>Acesso e retifica\u00e7\u00e3o:<\/strong> Solicite o acesso e a corre\u00e7\u00e3o de suas informa\u00e7\u00f5es pessoais.<\/li><li><strong>Excluir:<\/strong> solicitar a exclus\u00e3o de suas informa\u00e7\u00f5es pessoais, sujeito a determinadas exce\u00e7\u00f5es legais.<\/li><li>Opor-se ao processamento<strong>:<\/strong> opor-se ao processamento de suas informa\u00e7\u00f5es em determinadas circunst\u00e2ncias.<\/li><\/ul><p>Para exercer esses direitos, entre em contato conosco usando as informa\u00e7\u00f5es fornecidas no final desta pol\u00edtica.<\/p><p> <\/p><p><strong>6. Altera\u00e7\u00f5es na Pol\u00edtica de Privacidade<\/strong><\/p><p>Podemos atualizar esta Pol\u00edtica de Privacidade periodicamente.\nNotificaremos voc\u00ea sobre quaisquer altera\u00e7\u00f5es publicando a nova pol\u00edtica em nosso site e atualizando a data da &#8220;\u00daltima atualiza\u00e7\u00e3o&#8221;. <\/p><p><strong>7. Contato<\/strong><\/p><p>Se voc\u00ea tiver d\u00favidas ou preocupa\u00e7\u00f5es sobre esta Pol\u00edtica de Privacidade, entre em contato conosco:<\/p><ul><li><strong>E-mail:<\/strong> <a rel=\"noopener\">contacto@starkcloud.com<\/a><\/li><li><strong>Endere\u00e7o:<\/strong> 800 Brickell Ave, Suite 800, Miami FL 33131, EUA<\/li><\/ul>\t\t\t\t\t\t\t\t<\/div>\n\t\t\t\t\t<\/div>\n\t\t\t\t<\/div>\n\t\t\t\t<\/div>\n\t\t","protected":false},"excerpt":{"rendered":"<p>Pol\u00edtica sobre Privacidade Leia estes Termos e Condi\u00e7\u00f5es cuidadosamente antes de usar os servi\u00e7os do StarkCloud. Ao acessar e usar nossos servi\u00e7os, voc\u00ea concorda em obedecer a estes termos. Data da \u00faltima atualiza\u00e7\u00e3o: 28 de novembro de 2024 1. informa\u00e7\u00f5es que coletamos Coletamos os seguintes tipos de informa\u00e7\u00f5es: Informa\u00e7\u00f5es pessoais: nome, endere\u00e7o de e-mail, n\u00famero [&hellip;]<\/p>\n","protected":false},"author":1,"featured_media":0,"parent":0,"menu_order":0,"comment_status":"closed","ping_status":"open","template":"","meta":{"_acf_changed":false,"footnotes":""},"class_list":["post-2653","page","type-page","status-publish","hentry"],"acf":[],"yoast_head":"<!-- This site is optimized with the Yoast SEO Premium plugin v25.3.1 (Yoast SEO v25.3.1) - https:\/\/yoast.com\/wordpress\/plugins\/seo\/ -->\n<title>Pol\u00edtica de privacidade - starkcloud.com<\/title>\n<meta name=\"robots\" content=\"index, follow, max-snippet:-1, max-image-preview:large, max-video-preview:-1\" \/>\n<link rel=\"canonical\" href=\"https:\/\/starkcloud.com\/pt-br\/politica-de-privacidade\/\" \/>\n<meta property=\"og:locale\" content=\"pt_BR\" \/>\n<meta property=\"og:type\" content=\"article\" \/>\n<meta property=\"og:title\" content=\"Pol\u00edtica de privacidade\" \/>\n<meta property=\"og:description\" content=\"Pol\u00edtica sobre Privacidade Leia estes Termos e Condi\u00e7\u00f5es cuidadosamente antes de usar os servi\u00e7os do StarkCloud. Ao acessar e usar nossos servi\u00e7os, voc\u00ea concorda em obedecer a estes termos. Data da \u00faltima atualiza\u00e7\u00e3o: 28 de novembro de 2024 1. informa\u00e7\u00f5es que coletamos Coletamos os seguintes tipos de informa\u00e7\u00f5es: Informa\u00e7\u00f5es pessoais: nome, endere\u00e7o de e-mail, n\u00famero [&hellip;]\" \/>\n<meta property=\"og:url\" content=\"https:\/\/starkcloud.com\/pt-br\/politica-de-privacidade\/\" \/>\n<meta property=\"og:site_name\" content=\"starkcloud.com\" \/>\n<meta property=\"article:modified_time\" content=\"2025-05-16T19:05:34+00:00\" \/>\n<meta property=\"og:image\" content=\"https:\/\/starkcloud.com\/wp-content\/uploads\/2024\/11\/imagenes-que-no-tengan-ninguna-imagen.jpg\" \/>\n\t<meta property=\"og:image:width\" content=\"1200\" \/>\n\t<meta property=\"og:image:height\" content=\"675\" \/>\n\t<meta property=\"og:image:type\" content=\"image\/jpeg\" \/>\n<meta name=\"twitter:card\" content=\"summary_large_image\" \/>\n<meta name=\"twitter:label1\" content=\"Est. tempo de leitura\" \/>\n\t<meta name=\"twitter:data1\" content=\"2 minutos\" \/>\n<script type=\"application\/ld+json\" class=\"yoast-schema-graph\">{\"@context\":\"https:\/\/schema.org\",\"@graph\":[{\"@type\":\"WebPage\",\"@id\":\"https:\/\/starkcloud.com\/pt-br\/politica-de-privacidade\/\",\"url\":\"https:\/\/starkcloud.com\/pt-br\/politica-de-privacidade\/\",\"name\":\"Pol\u00edtica de privacidade - starkcloud.com\",\"isPartOf\":{\"@id\":\"https:\/\/starkcloud.com\/pt-br\/#website\"},\"datePublished\":\"2024-11-12T00:25:18+00:00\",\"dateModified\":\"2025-05-16T19:05:34+00:00\",\"breadcrumb\":{\"@id\":\"https:\/\/starkcloud.com\/pt-br\/politica-de-privacidade\/#breadcrumb\"},\"inLanguage\":\"pt-BR\",\"potentialAction\":[{\"@type\":\"ReadAction\",\"target\":[\"https:\/\/starkcloud.com\/pt-br\/politica-de-privacidade\/\"]}]},{\"@type\":\"BreadcrumbList\",\"@id\":\"https:\/\/starkcloud.com\/pt-br\/politica-de-privacidade\/#breadcrumb\",\"itemListElement\":[{\"@type\":\"ListItem\",\"position\":1,\"name\":\"Portada\",\"item\":\"https:\/\/starkcloud.com\/pt-br\/\"},{\"@type\":\"ListItem\",\"position\":2,\"name\":\"Pol\u00edtica de privacidade\"}]},{\"@type\":\"WebSite\",\"@id\":\"https:\/\/starkcloud.com\/pt-br\/#website\",\"url\":\"https:\/\/starkcloud.com\/pt-br\/\",\"name\":\"starkcloud.com\",\"description\":\"Aplicaciones empresariales en minutos con IA\",\"publisher\":{\"@id\":\"https:\/\/starkcloud.com\/pt-br\/#organization\"},\"alternateName\":\"Soluciones en la Nube\",\"potentialAction\":[{\"@type\":\"SearchAction\",\"target\":{\"@type\":\"EntryPoint\",\"urlTemplate\":\"https:\/\/starkcloud.com\/pt-br\/?s={search_term_string}\"},\"query-input\":{\"@type\":\"PropertyValueSpecification\",\"valueRequired\":true,\"valueName\":\"search_term_string\"}}],\"inLanguage\":\"pt-BR\"},{\"@type\":\"Organization\",\"@id\":\"https:\/\/starkcloud.com\/pt-br\/#organization\",\"name\":\"starkcloud.com\",\"url\":\"https:\/\/starkcloud.com\/pt-br\/\",\"logo\":{\"@type\":\"ImageObject\",\"inLanguage\":\"pt-BR\",\"@id\":\"https:\/\/starkcloud.com\/pt-br\/#\/schema\/logo\/image\/\",\"url\":\"https:\/\/starkcloud.com\/wp-content\/uploads\/2024\/11\/Stark-Cloud-color-logo.png\",\"contentUrl\":\"https:\/\/starkcloud.com\/wp-content\/uploads\/2024\/11\/Stark-Cloud-color-logo.png\",\"width\":1928,\"height\":652,\"caption\":\"starkcloud.com\"},\"image\":{\"@id\":\"https:\/\/starkcloud.com\/pt-br\/#\/schema\/logo\/image\/\"},\"sameAs\":[\"https:\/\/www.instagram.com\/starkcloudglobal\/\",\"https:\/\/www.linkedin.com\/company\/starkcloudglobal\/posts\/?feedView=all\",\"https:\/\/www.youtube.com\/channel\/UCOrLFL3a1zPi_ZRdMXQmuGA\"]}]}<\/script>\n<!-- \/ Yoast SEO Premium plugin. -->","yoast_head_json":{"title":"Pol\u00edtica de privacidade - starkcloud.com","robots":{"index":"index","follow":"follow","max-snippet":"max-snippet:-1","max-image-preview":"max-image-preview:large","max-video-preview":"max-video-preview:-1"},"canonical":"https:\/\/starkcloud.com\/pt-br\/politica-de-privacidade\/","og_locale":"pt_BR","og_type":"article","og_title":"Pol\u00edtica de privacidade","og_description":"Pol\u00edtica sobre Privacidade Leia estes Termos e Condi\u00e7\u00f5es cuidadosamente antes de usar os servi\u00e7os do StarkCloud. Ao acessar e usar nossos servi\u00e7os, voc\u00ea concorda em obedecer a estes termos. Data da \u00faltima atualiza\u00e7\u00e3o: 28 de novembro de 2024 1. informa\u00e7\u00f5es que coletamos Coletamos os seguintes tipos de informa\u00e7\u00f5es: Informa\u00e7\u00f5es pessoais: nome, endere\u00e7o de e-mail, n\u00famero [&hellip;]","og_url":"https:\/\/starkcloud.com\/pt-br\/politica-de-privacidade\/","og_site_name":"starkcloud.com","article_modified_time":"2025-05-16T19:05:34+00:00","og_image":[{"width":1200,"height":675,"url":"https:\/\/starkcloud.com\/wp-content\/uploads\/2024\/11\/imagenes-que-no-tengan-ninguna-imagen.jpg","type":"image\/jpeg"}],"twitter_card":"summary_large_image","twitter_misc":{"Est. tempo de leitura":"2 minutos"},"schema":{"@context":"https:\/\/schema.org","@graph":[{"@type":"WebPage","@id":"https:\/\/starkcloud.com\/pt-br\/politica-de-privacidade\/","url":"https:\/\/starkcloud.com\/pt-br\/politica-de-privacidade\/","name":"Pol\u00edtica de privacidade - starkcloud.com","isPartOf":{"@id":"https:\/\/starkcloud.com\/pt-br\/#website"},"datePublished":"2024-11-12T00:25:18+00:00","dateModified":"2025-05-16T19:05:34+00:00","breadcrumb":{"@id":"https:\/\/starkcloud.com\/pt-br\/politica-de-privacidade\/#breadcrumb"},"inLanguage":"pt-BR","potentialAction":[{"@type":"ReadAction","target":["https:\/\/starkcloud.com\/pt-br\/politica-de-privacidade\/"]}]},{"@type":"BreadcrumbList","@id":"https:\/\/starkcloud.com\/pt-br\/politica-de-privacidade\/#breadcrumb","itemListElement":[{"@type":"ListItem","position":1,"name":"Portada","item":"https:\/\/starkcloud.com\/pt-br\/"},{"@type":"ListItem","position":2,"name":"Pol\u00edtica de privacidade"}]},{"@type":"WebSite","@id":"https:\/\/starkcloud.com\/pt-br\/#website","url":"https:\/\/starkcloud.com\/pt-br\/","name":"starkcloud.com","description":"Aplicaciones empresariales en minutos con IA","publisher":{"@id":"https:\/\/starkcloud.com\/pt-br\/#organization"},"alternateName":"Soluciones en la Nube","potentialAction":[{"@type":"SearchAction","target":{"@type":"EntryPoint","urlTemplate":"https:\/\/starkcloud.com\/pt-br\/?s={search_term_string}"},"query-input":{"@type":"PropertyValueSpecification","valueRequired":true,"valueName":"search_term_string"}}],"inLanguage":"pt-BR"},{"@type":"Organization","@id":"https:\/\/starkcloud.com\/pt-br\/#organization","name":"starkcloud.com","url":"https:\/\/starkcloud.com\/pt-br\/","logo":{"@type":"ImageObject","inLanguage":"pt-BR","@id":"https:\/\/starkcloud.com\/pt-br\/#\/schema\/logo\/image\/","url":"https:\/\/starkcloud.com\/wp-content\/uploads\/2024\/11\/Stark-Cloud-color-logo.png","contentUrl":"https:\/\/starkcloud.com\/wp-content\/uploads\/2024\/11\/Stark-Cloud-color-logo.png","width":1928,"height":652,"caption":"starkcloud.com"},"image":{"@id":"https:\/\/starkcloud.com\/pt-br\/#\/schema\/logo\/image\/"},"sameAs":["https:\/\/www.instagram.com\/starkcloudglobal\/","https:\/\/www.linkedin.com\/company\/starkcloudglobal\/posts\/?feedView=all","https:\/\/www.youtube.com\/channel\/UCOrLFL3a1zPi_ZRdMXQmuGA"]}]}},"_links":{"self":[{"href":"https:\/\/starkcloud.com\/pt-br\/wp-json\/wp\/v2\/pages\/2653","targetHints":{"allow":["GET"]}}],"collection":[{"href":"https:\/\/starkcloud.com\/pt-br\/wp-json\/wp\/v2\/pages"}],"about":[{"href":"https:\/\/starkcloud.com\/pt-br\/wp-json\/wp\/v2\/types\/page"}],"author":[{"embeddable":true,"href":"https:\/\/starkcloud.com\/pt-br\/wp-json\/wp\/v2\/users\/1"}],"replies":[{"embeddable":true,"href":"https:\/\/starkcloud.com\/pt-br\/wp-json\/wp\/v2\/comments?post=2653"}],"version-history":[{"count":6,"href":"https:\/\/starkcloud.com\/pt-br\/wp-json\/wp\/v2\/pages\/2653\/revisions"}],"predecessor-version":[{"id":8033,"href":"https:\/\/starkcloud.com\/pt-br\/wp-json\/wp\/v2\/pages\/2653\/revisions\/8033"}],"wp:attachment":[{"href":"https:\/\/starkcloud.com\/pt-br\/wp-json\/wp\/v2\/media?parent=2653"}],"curies":[{"name":"wp","href":"https:\/\/api.w.org\/{rel}","templated":true}]}}